{"id":1151,"date":"2023-02-13T12:00:31","date_gmt":"2023-02-13T12:00:31","guid":{"rendered":"https:\/\/improva.de\/?page_id=1151"},"modified":"2023-03-20T15:28:23","modified_gmt":"2023-03-20T15:28:23","slug":"reiseversicherungen-hansemerkur","status":"publish","type":"page","link":"https:\/\/improva.de\/index.php\/online-buchung\/reiseversicherungen-hansemerkur\/","title":{"rendered":"Reiseversicherungen"},"content":{"rendered":"\n<h2 class=\"wp-block-heading\">Touristik<\/h2>\n\n\n\n<figure class=\"wp-block-table\"><table><tbody><tr><td><a rel=\"noreferrer noopener\" href=\"https:\/\/secure.hmrv.de\/rvw-ba\/initBa.jsp?baid=2&amp;adnr=1842160&amp;locale=de_DE&amp;wt=POPUP\" target=\"_blank\">Reise-R\u00fccktrittsversicherung, Reise-R\u00fccktrittsversicherung&nbsp; + Urlaubsgarantie, Urlaubsgarantie<\/a><\/td><\/tr><tr><td><a rel=\"noreferrer noopener\" href=\"https:\/\/secure.hmrv.de\/rvw-ba\/initBa.jsp?baid=82&amp;adnr=1842160&amp;locale=de_DE&amp;wt=POPUP\" target=\"_blank\">Last Minute Reise-R\u00fccktrittsversicherung<\/a><\/td><\/tr><tr><td><a rel=\"noreferrer noopener\" href=\"https:\/\/secure.hmrv.de\/rvw-ba\/initBa.jsp?baid=12&amp;adnr=1842160&amp;locale=de_DE&amp;wt=POPUP\" target=\"_blank\">Reiseversicherung (Pakete)<\/a><\/td><\/tr><tr><td><a rel=\"noreferrer noopener\" href=\"https:\/\/secure.hmrv.de\/rvw-ba\/initBa.jsp?baid=29&amp;adnr=1842160&amp;locale=de_DE&amp;wt=POPUP\" target=\"_blank\">Ticket-R\u00fccktrittsschutz<\/a><\/td><\/tr><tr><td><a rel=\"noreferrer noopener\" href=\"https:\/\/secure.hmrv.de\/rvw-ba\/initBa.jsp?baid=68&amp;adnr=1842160&amp;locale=de_DE&amp;wt=POPUP\" target=\"_blank\">Seminar-R\u00fccktrittsschutz<\/a><\/td><\/tr><tr><td>&nbsp;<a rel=\"noreferrer noopener\" href=\"https:\/\/secure.hmrv.de\/rvw-ba\/initBa.jsp?baid=58&amp;adnr=1842160&amp;locale=de_DE&amp;wt=POPUP\" target=\"_blank\">Hochzeitsfeier-R\u00fccktrittsschutz<\/a><\/td><\/tr><tr><td>&nbsp;<a rel=\"noreferrer noopener\" href=\"https:\/\/secure.hmrv.de\/rvw-ba\/initBa.jsp?baid=81&amp;adnr=1842160&amp;locale=de_DE&amp;wt=POPUP\" target=\"_blank\">Last Minute Flugstorno<\/a><\/td><\/tr><tr><td>&nbsp;<a rel=\"noreferrer noopener\" href=\"https:\/\/secure.hmrv.de\/rvw-ba\/initBa.jsp?baid=61&amp;adnr=1842160&amp;locale=de_DE&amp;wt=POPUP\" target=\"_blank\">Krankenversicherung<\/a><\/td><\/tr><tr><td><a rel=\"noreferrer noopener\" href=\"https:\/\/secure.hmrv.de\/rvw-ba\/initBa.jsp?baid=85&amp;adnr=1842160&amp;locale=de_DE&amp;wt=POPUP\" target=\"_blank\">Notfallversicherung<\/a><\/td><\/tr><tr><td>&nbsp;<a rel=\"noreferrer noopener\" href=\"https:\/\/secure.hmrv.de\/rvw-ba\/initBa.jsp?baid=11&amp;adnr=1842160&amp;locale=de_DE&amp;wt=POPUP\" target=\"_blank\">Auto-, Bahn-, Busreisen<\/a><\/td><\/tr><tr><td><a rel=\"noreferrer noopener\" href=\"https:\/\/secure.hmrv.de\/rvw-ba\/initBa.jsp?baid=9&amp;adnr=1842160&amp;locale=de_DE&amp;wt=POPUP\" target=\"_blank\">Flugreisen<\/a><\/td><\/tr><tr><td><a rel=\"noreferrer noopener\" href=\"https:\/\/secure.hmrv.de\/rvw-ba\/initBa.jsp?baid=10&amp;adnr=1842160&amp;locale=de_DE&amp;wt=POPUP\" target=\"_blank\">&nbsp;Schiffsreisen<\/a><\/td><\/tr><tr><td><a rel=\"noreferrer noopener\" href=\"https:\/\/secure.hmrv.de\/rvw-ba\/initBa.jsp?baid=5&amp;adnr=1842160&amp;locale=de_DE&amp;wt=POPUP\" target=\"_blank\">Gruppenreisen Reise-R\u00fccktrittsversicherung, Reise-R\u00fccktrittsversicherung + Urlaubsgarantie<\/a><\/td><\/tr><tr><td><a rel=\"noreferrer noopener\" href=\"https:\/\/secure.hmrv.de\/rvw-ba\/initBa.jsp?baid=7&amp;adnr=1842160&amp;locale=de_DE&amp;wt=POPUP\" target=\"_blank\">Reiseleiterabsicherung Reise-R\u00fccktrittsvers., Reise-R\u00fccktrittsvers. + Urlaubsgarantie<\/a><\/td><\/tr><tr><td><a rel=\"noreferrer noopener\" href=\"https:\/\/secure.hmrv.de\/rvw-ba\/initBa.jsp?baid=22&amp;adnr=1842160&amp;locale=de_DE&amp;wt=POPUP\" target=\"_blank\">Gruppenreisen Krankenversicherung<\/a><\/td><\/tr><tr><td><a rel=\"noreferrer noopener\" href=\"https:\/\/secure.hmrv.de\/rvw-ba\/initBa.jsp?baid=25&amp;adnr=1842160&amp;locale=de_DE&amp;wt=POPUP\" target=\"_blank\">Gruppenreisen weltweit<\/a><\/td><\/tr><tr><td><a rel=\"noreferrer noopener\" href=\"https:\/\/secure.hmrv.de\/rvw-ba\/initBa.jsp?baid=27&amp;adnr=1842160&amp;locale=de_DE&amp;wt=POPUP\" target=\"_blank\">Gruppenreisen Europa Sch\u00fcler u. Junge Leute<\/a><\/td><\/tr><tr><td>&nbsp;<a rel=\"noreferrer noopener\" href=\"https:\/\/secure.hmrv.de\/rvw-ba\/initBa.jsp?baid=27&amp;subBaId=1&amp;adnr=1842160&amp;locale=de_DE&amp;wt=POPUP\" target=\"_blank\">Gruppen Sch\u00fcler \/Junge Leute Reise-R\u00fccktrittsversicherung<\/a><\/td><\/tr><tr><td>&nbsp;<a rel=\"noreferrer noopener\" href=\"https:\/\/secure.hmrv.de\/rvw-ba\/initBa.jsp?baid=27&amp;subBaId=4&amp;adnr=1842160&amp;locale=de_DE&amp;wt=POPUP\" target=\"_blank\">Reiseleiterabsicherung<\/a><\/td><\/tr><tr><td><a href=\"https:\/\/secure.hmrv.de\/rvw-ba\/baEingabe.jsf;jsessionid=J7YYw+rLLQ2vMHgWZUlqiqxS.hm0833\" target=\"_blank\" rel=\"noreferrer noopener\">Jahresschutz Platin<\/a><\/td><\/tr><tr><td>&nbsp;<a rel=\"noreferrer noopener\" href=\"https:\/\/secure.hmrv.de\/rvw-ba\/initBa.jsp?baid=84&amp;adnr=1842160&amp;locale=de_DE&amp;wt=POPUP\" target=\"_blank\">Jahres Reise-R\u00fccktrittsversicherung + Urlaubsgarantie<\/a><\/td><\/tr><tr><td>&nbsp;<a rel=\"noreferrer noopener\" href=\"https:\/\/secure.hmrv.de\/rvw-ba\/initBa.jsp?baid=67&amp;adnr=1842160&amp;locale=de_DE&amp;wt=POPUP\" target=\"_blank\">Mietwagenschutz<\/a><\/td><\/tr><\/tbody><\/table><\/figure>\n\n\n\n<h2 class=\"wp-block-heading\"><strong>Business<\/strong><\/h2>\n\n\n\n<figure class=\"wp-block-table\"><table><tbody><tr><td><a rel=\"noreferrer noopener\" href=\"https:\/\/secure.hmrv.de\/rvw-ba\/initBa.jsp?baid=72&amp;adnr=1842160&amp;locale=de_DE&amp;wt=POPUP\" target=\"_blank\">Au Pair<\/a><\/td><\/tr><tr><td>&nbsp;<a rel=\"noreferrer noopener\" href=\"https:\/\/secure.hmrv.de\/rvw-ba\/initBa.jsp?baid=76&amp;adnr=1842160&amp;locale=de_DE&amp;wt=POPUP\" target=\"_blank\">Sch\u00fcler und Studenten<\/a><\/td><\/tr><tr><td>&nbsp;<a rel=\"noreferrer noopener\" href=\"https:\/\/secure.hmrv.de\/rvw-ba\/initBa.jsp?baid=89&amp;adnr=1842160&amp;locale=de_DE&amp;wt=POPUP\" target=\"_blank\">Jahres Reise-Krankenversicherung<\/a><\/td><\/tr><tr><td><a rel=\"noreferrer noopener\" href=\"https:\/\/secure.hmrv.de\/rvw-ba\/initBa.jsp?baid=90&amp;adnr=1842160&amp;locale=de_DE&amp;wt=POPUP\" target=\"_blank\">Reise-Krankenversicherung bis 365 Tage<\/a><\/td><\/tr><tr><td>&nbsp;<a rel=\"noreferrer noopener\" href=\"https:\/\/secure.hmrv.de\/rvw-ba\/initBa.jsp?baid=75&amp;adnr=1842160&amp;locale=de_DE&amp;wt=POPUP\" target=\"_blank\">Reise-Krankenversicherung bis 5 Jahre<\/a><\/td><\/tr><tr><td><a rel=\"noreferrer noopener\" href=\"https:\/\/secure.hmrv.de\/rvw-ba\/initBa.jsp?baid=77&amp;adnr=1842160&amp;locale=de_DE&amp;wt=POPUP\" target=\"_blank\">Ausl\u00e4ndischer Gast bis 365 Tage<\/a><\/td><\/tr><tr><td><a rel=\"noreferrer noopener\" href=\"https:\/\/secure.hmrv.de\/rvw-ba\/initBa.jsp?baid=78&amp;adnr=1842160&amp;locale=de_DE&amp;wt=POPUP\" target=\"_blank\">Ausl\u00e4ndischer Gast bis 5 Jahre<\/a><\/td><\/tr><tr><td><a rel=\"noreferrer noopener\" href=\"https:\/\/secure.hmrv.de\/rvw-ba\/initBa.jsp?baid=73&amp;adnr=1842160&amp;locale=de_DE&amp;wt=POPUP\" target=\"_blank\">Ausl\u00e4ndischer Gast (Visum plus)&nbsp;<\/a><\/td><\/tr><tr><td>&nbsp;<a rel=\"noreferrer noopener\" href=\"https:\/\/secure.hmrv.de\/rvw-ba\/initBa.jsp?baid=79&amp;adnr=1842160&amp;locale=de_DE&amp;wt=POPUP\" target=\"_blank\">Ausl\u00e4ndischer Gast bis 365 Tage Gruppe<\/a><\/td><\/tr><tr><td><a rel=\"noreferrer noopener\" href=\"https:\/\/secure.hmrv.de\/rvw-ba\/initBa.jsp?baid=172&amp;adnr=1842160&amp;locale=de_DE&amp;wt=POPUP\" target=\"_blank\">Young Travel<\/a><\/td><\/tr><\/tbody><\/table><\/figure>\n","protected":false},"excerpt":{"rendered":"<p>Touristik Reise-R\u00fccktrittsversicherung, Reise-R\u00fccktrittsversicherung&nbsp; + Urlaubsgarantie, Urlaubsgarantie Last Minute Reise-R\u00fccktrittsversicherung Reiseversicherung (Pakete) Ticket-R\u00fccktrittsschutz Seminar-R\u00fccktrittsschutz &nbsp;Hochzeitsfeier-R\u00fccktrittsschutz &nbsp;Last Minute Flugstorno &nbsp;Krankenversicherung Notfallversicherung &nbsp;Auto-, Bahn-, Busreisen Flugreisen &nbsp;Schiffsreisen Gruppenreisen Reise-R\u00fccktrittsversicherung, Reise-R\u00fccktrittsversicherung + Urlaubsgarantie Reiseleiterabsicherung Reise-R\u00fccktrittsvers., Reise-R\u00fccktrittsvers. + Urlaubsgarantie Gruppenreisen Krankenversicherung Gruppenreisen weltweit Gruppenreisen Europa Sch\u00fcler u. Junge Leute &nbsp;Gruppen Sch\u00fcler \/Junge Leute Reise-R\u00fccktrittsversicherung &nbsp;Reiseleiterabsicherung Jahresschutz Platin &nbsp;Jahres Reise-R\u00fccktrittsversicherung + &hellip; <\/p>\n<p class=\"link-more\"><a href=\"https:\/\/improva.de\/index.php\/online-buchung\/reiseversicherungen-hansemerkur\/\" class=\"more-link\"><span class=\"screen-reader-text\">\u201eReiseversicherungen\u201c <\/span>weiterlesen<\/a><\/p>\n","protected":false},"author":1,"featured_media":0,"parent":1154,"menu_order":0,"comment_status":"closed","ping_status":"closed","template":"","meta":{"_glsr_average":0,"_glsr_ranking":0,"_glsr_reviews":0,"_vp_format_video_url":"","_vp_image_focal_point":[],"footnotes":""},"class_list":["post-1151","page","type-page","status-publish","hentry"],"_links":{"self":[{"href":"https:\/\/improva.de\/index.php\/wp-json\/wp\/v2\/pages\/1151","targetHints":{"allow":["GET"]}}],"collection":[{"href":"https:\/\/improva.de\/index.php\/wp-json\/wp\/v2\/pages"}],"about":[{"href":"https:\/\/improva.de\/index.php\/wp-json\/wp\/v2\/types\/page"}],"author":[{"embeddable":true,"href":"https:\/\/improva.de\/index.php\/wp-json\/wp\/v2\/users\/1"}],"replies":[{"embeddable":true,"href":"https:\/\/improva.de\/index.php\/wp-json\/wp\/v2\/comments?post=1151"}],"version-history":[{"count":6,"href":"https:\/\/improva.de\/index.php\/wp-json\/wp\/v2\/pages\/1151\/revisions"}],"predecessor-version":[{"id":1191,"href":"https:\/\/improva.de\/index.php\/wp-json\/wp\/v2\/pages\/1151\/revisions\/1191"}],"up":[{"embeddable":true,"href":"https:\/\/improva.de\/index.php\/wp-json\/wp\/v2\/pages\/1154"}],"wp:attachment":[{"href":"https:\/\/improva.de\/index.php\/wp-json\/wp\/v2\/media?parent=1151"}],"curies":[{"name":"wp","href":"https:\/\/api.w.org\/{rel}","templated":true}]}}