{"id":123,"date":"2020-04-16T09:24:09","date_gmt":"2020-04-16T09:24:09","guid":{"rendered":"https:\/\/improva.de\/?page_id=123"},"modified":"2022-07-11T12:51:37","modified_gmt":"2022-07-11T12:51:37","slug":"das-sagen-unsere-kunden","status":"publish","type":"page","link":"https:\/\/improva.de\/index.php\/improva-gmbh\/das-sagen-unsere-kunden\/","title":{"rendered":"Das sagen unsere Kunden"},"content":{"rendered":"\n<div class=\"wp-block-group\"><div class=\"wp-block-group__inner-container is-layout-flow wp-block-group-is-layout-flow\">\n<div class=\"wp-block-group\"><div class=\"wp-block-group__inner-container is-layout-flow wp-block-group-is-layout-flow\"><div class=\"items-justified-left wp-block-site-reviews-summary\" style=\"--glsr-max-w:48ch;--glsr-summary-align:start;\"><div class=\"glsr glsr-default\" id=\"glsr_td477uwc\" data-from=\"block\" data-shortcode=\"site_reviews_summary\"><div class=\"glsr-summary-wrap\">\n    <div class=\"glsr-summary\">\n        <div class=\"glsr-summary-rating\"><span class=\"glsr-tag-value\">5,0<\/span><\/div>\n        <div class=\"glsr-summary-stars\"><div class=\"glsr-star-rating glsr-stars\" role=\"img\" aria-label=\"Rated 5 out of 5 stars based on 1 ratings\" data-rating=\"5\" data-reviews=\"1\"><span class=\"glsr-star glsr-star-full\" aria-hidden=\"true\"><\/span><span class=\"glsr-star glsr-star-full\" aria-hidden=\"true\"><\/span><span class=\"glsr-star glsr-star-full\" aria-hidden=\"true\"><\/span><span class=\"glsr-star glsr-star-full\" aria-hidden=\"true\"><\/span><span class=\"glsr-star glsr-star-full\" aria-hidden=\"true\"><\/span><\/div><\/div>\n        <div class=\"glsr-summary-text\"><span class=\"glsr-tag-value\">5,0 von 5 Sternen (basierend auf 1 Bewertung)<\/span><\/div>\n        <div class=\"glsr-summary-percentages\"><div class=\"glsr-summary-bar\" data-level=\"5\"><span class=\"glsr-summary-bar-label\">Ausgezeichnet<\/span><span class=\"glsr-summary-bar-background\" style=\"--glsr-bar-percent:100%;\"><\/span><span class=\"glsr-summary-bar-percent\" data-percent=\"100%\" data-reviews=\"1\"><\/span><\/div><div class=\"glsr-summary-bar\" data-level=\"4\"><span class=\"glsr-summary-bar-label\">Sehr gut<\/span><span class=\"glsr-summary-bar-background\" style=\"--glsr-bar-percent:0%;\"><\/span><span class=\"glsr-summary-bar-percent\" data-percent=\"0%\" data-reviews=\"0\"><\/span><\/div><div class=\"glsr-summary-bar\" data-level=\"3\"><span class=\"glsr-summary-bar-label\">Durchschnittlich<\/span><span class=\"glsr-summary-bar-background\" style=\"--glsr-bar-percent:0%;\"><\/span><span class=\"glsr-summary-bar-percent\" data-percent=\"0%\" data-reviews=\"0\"><\/span><\/div><div class=\"glsr-summary-bar\" data-level=\"2\"><span class=\"glsr-summary-bar-label\">schlecht<\/span><span class=\"glsr-summary-bar-background\" style=\"--glsr-bar-percent:0%;\"><\/span><span class=\"glsr-summary-bar-percent\" data-percent=\"0%\" data-reviews=\"0\"><\/span><\/div><div class=\"glsr-summary-bar\" data-level=\"1\"><span class=\"glsr-summary-bar-label\">schrecklich<\/span><span class=\"glsr-summary-bar-background\" style=\"--glsr-bar-percent:0%;\"><\/span><span class=\"glsr-summary-bar-percent\" data-percent=\"0%\" data-reviews=\"0\"><\/span><\/div><\/div>\n    <\/div>\n<\/div><\/div><\/div><\/div><\/div>\n\n\n\n<div style=\"height:100px\" aria-hidden=\"true\" class=\"wp-block-spacer\"><\/div>\n<\/div><\/div>\n\n\n<div class=\"has-text-align-left items-justified-left wp-block-site-reviews\"><div class=\"glsr glsr-default\" id=\"glsr_6bp9plbm\" data-from=\"block\" data-shortcode=\"site_reviews\"><div class=\"glsr-reviews-wrap\">\n    <div class=\"glsr-reviews\">\n        <div class=\"glsr-review\" data-id=\"704\" data-type=\"local\" id=\"review-704\" data-assigned='[]'>\n    <div class=\"glsr-review-title\"><h4 class=\"glsr-tag-value\">Beratung zu PKV<\/h4><\/div>\n    <div class=\"glsr-review-rating\"><div class=\"glsr-star-rating glsr-stars\" role=\"img\" aria-label=\"Rated 5 out of 5 stars\" data-rating=\"5\" data-reviews=\"0\"><span class=\"glsr-star glsr-star-full\" aria-hidden=\"true\"><\/span><span class=\"glsr-star glsr-star-full\" aria-hidden=\"true\"><\/span><span class=\"glsr-star glsr-star-full\" aria-hidden=\"true\"><\/span><span class=\"glsr-star glsr-star-full\" aria-hidden=\"true\"><\/span><span class=\"glsr-star glsr-star-full\" aria-hidden=\"true\"><\/span><\/div><\/div> <div class=\"glsr-review-date\"><span class=\"glsr-tag-value\">April 30, 2020<\/span><\/div>\n    \n    <div class=\"glsr-review-content\"><div class=\"glsr-tag-value\" data-expanded=\"false\"><p>fachlich sehr versierte Beratung und leicht verst\u00e4ndlich vermittelt<\/p><\/div><\/div>\n    \n    <div class=\"glsr-review-author\"><span class=\"glsr-tag-value\">Enrico Schneider<\/span><\/div>  \n    \n<\/div>\n    <\/div>\n    \n<\/div><\/div><\/div>\n\n\n<div style=\"height:100px\" aria-hidden=\"true\" class=\"wp-block-spacer\"><\/div>\n\n\n\n<p><\/p>\n\n\n\n<p class=\"has-small-font-size\">Jede Bewertung wird vor Ver\u00f6ffentlichung durch die Improva GmbH \u00fcberpr\u00fcft. Eine Ver\u00f6ffentlichung erfolgt nur, wenn die Bewertung von Kunden, welche unsere Dienstleistungen beanspruchten, abgegeben wurde. <\/p>\n","protected":false},"excerpt":{"rendered":"<p>Jede Bewertung wird vor Ver\u00f6ffentlichung durch die Improva GmbH \u00fcberpr\u00fcft. Eine Ver\u00f6ffentlichung erfolgt nur, wenn die Bewertung von Kunden, welche unsere Dienstleistungen beanspruchten, abgegeben wurde.<\/p>\n","protected":false},"author":1,"featured_media":0,"parent":56,"menu_order":0,"comment_status":"closed","ping_status":"closed","template":"","meta":{"_glsr_average":0,"_glsr_ranking":0,"_glsr_reviews":0,"_vp_format_video_url":"","_vp_image_focal_point":[],"footnotes":""},"class_list":["post-123","page","type-page","status-publish","hentry"],"_links":{"self":[{"href":"https:\/\/improva.de\/index.php\/wp-json\/wp\/v2\/pages\/123","targetHints":{"allow":["GET"]}}],"collection":[{"href":"https:\/\/improva.de\/index.php\/wp-json\/wp\/v2\/pages"}],"about":[{"href":"https:\/\/improva.de\/index.php\/wp-json\/wp\/v2\/types\/page"}],"author":[{"embeddable":true,"href":"https:\/\/improva.de\/index.php\/wp-json\/wp\/v2\/users\/1"}],"replies":[{"embeddable":true,"href":"https:\/\/improva.de\/index.php\/wp-json\/wp\/v2\/comments?post=123"}],"version-history":[{"count":12,"href":"https:\/\/improva.de\/index.php\/wp-json\/wp\/v2\/pages\/123\/revisions"}],"predecessor-version":[{"id":1139,"href":"https:\/\/improva.de\/index.php\/wp-json\/wp\/v2\/pages\/123\/revisions\/1139"}],"up":[{"embeddable":true,"href":"https:\/\/improva.de\/index.php\/wp-json\/wp\/v2\/pages\/56"}],"wp:attachment":[{"href":"https:\/\/improva.de\/index.php\/wp-json\/wp\/v2\/media?parent=123"}],"curies":[{"name":"wp","href":"https:\/\/api.w.org\/{rel}","templated":true}]}}