{"id":179,"date":"2018-09-25T16:32:24","date_gmt":"2018-09-25T16:32:24","guid":{"rendered":"https:\/\/improva.de\/?page_id=179"},"modified":"2023-02-09T14:36:55","modified_gmt":"2023-02-09T14:36:55","slug":"alter","status":"publish","type":"page","link":"https:\/\/improva.de\/index.php\/ueber-mich\/alter\/","title":{"rendered":"Alter"},"content":{"rendered":"\n<figure class=\"wp-block-embed is-type-video is-provider-youtube wp-block-embed-youtube wp-embed-aspect-4-3 wp-has-aspect-ratio\"><div class=\"wp-block-embed__wrapper\">\n<iframe loading=\"lazy\" title=\"Altersvorsorge Artzbesuch\" width=\"525\" height=\"394\" src=\"https:\/\/www.youtube.com\/embed\/zdWU5dfH_qg?feature=oembed\" frameborder=\"0\" allow=\"accelerometer; autoplay; clipboard-write; encrypted-media; gyroscope; picture-in-picture; web-share\" referrerpolicy=\"strict-origin-when-cross-origin\" allowfullscreen><\/iframe>\n<\/div><\/figure>\n\n\n\n<figure class=\"wp-block-embed is-type-video is-provider-youtube wp-block-embed-youtube wp-embed-aspect-4-3 wp-has-aspect-ratio\"><div class=\"wp-block-embed__wrapper\">\n<iframe loading=\"lazy\" title=\"Vorstand der Rentenanstalt \u00fcber die Zukunft der Rente\" width=\"525\" height=\"394\" src=\"https:\/\/www.youtube.com\/embed\/Zp_4S4kCpw0?feature=oembed\" frameborder=\"0\" allow=\"accelerometer; autoplay; clipboard-write; encrypted-media; gyroscope; picture-in-picture; web-share\" referrerpolicy=\"strict-origin-when-cross-origin\" allowfullscreen><\/iframe>\n<\/div><\/figure>\n\n\n\n<p class=\"has-vivid-red-color has-text-color\"><strong>&#8220;Jeder Tag, jeder Monat, jedes Jahr, wo eine Entscheidung&nbsp;f\u00fcr private Eigenvorsorge &#8230; &nbsp;hinausgeschoben wird, ist verlorenes Geld&#8230;.&#8221;<\/strong><\/p>\n\n\n\n<p>Warum ist das so? Angenommen, ein 25j\u00e4hriger m\u00f6chte ab Rentenbeginn mit 67 Jahren ein Zusatzeinkommen von 1.000,- \u20ac bei 2% j\u00e4hrlicher Erh\u00f6hung zur Verf\u00fcgung haben.  Bei einer angenommenen Rendite in der Ansparzeit von 6% und einer Steigerung der Sparrate von 2% j\u00e4hrlich  betr\u00e4gt der anf\u00e4ngliche monatliche Aufwand 117,04 \u20ac. <\/p>\n\n\n\n<figure class=\"wp-block-image\"><a href=\"https:\/\/improva.de\/wp-content\/uploads\/2019\/01\/Altersvorsorgesparen.jpg\"><img loading=\"lazy\" decoding=\"async\" width=\"1024\" height=\"696\" src=\"https:\/\/improva.de\/wp-content\/uploads\/2019\/01\/Altersvorsorgesparen-1024x696.jpg\" alt=\"\" class=\"wp-image-368\" srcset=\"https:\/\/improva.de\/wp-content\/uploads\/2019\/01\/Altersvorsorgesparen-1024x696.jpg 1024w, https:\/\/improva.de\/wp-content\/uploads\/2019\/01\/Altersvorsorgesparen-300x204.jpg 300w, https:\/\/improva.de\/wp-content\/uploads\/2019\/01\/Altersvorsorgesparen-768x522.jpg 768w, https:\/\/improva.de\/wp-content\/uploads\/2019\/01\/Altersvorsorgesparen-500x340.jpg 500w, https:\/\/improva.de\/wp-content\/uploads\/2019\/01\/Altersvorsorgesparen-800x544.jpg 800w, https:\/\/improva.de\/wp-content\/uploads\/2019\/01\/Altersvorsorgesparen.jpg 1086w\" sizes=\"auto, (max-width: 706px) 89vw, (max-width: 767px) 82vw, 740px\" \/><\/a><\/figure>\n\n\n\n<p>Beginnt er das Altersvorsorgesparen erst mit 35 Jahren, betr\u00e4gt der monatliche Anfangsaufwand schon 237,20 \u20ac, liegt der Sparbeginn erst im Alter von 45 Jahren sind schon notwendig.<\/p>\n\n\n\n<p>Auch die Auswahl der optimalen Kapitalanlage ist bedeutend. In den oben dargestellte Beispielen sind wir von einer Rendite von 6% in der Ansparphase und 3% in der Entnahmephase ausgegangen. Wenn die Rendite in der Ansparzeit nur 3% und w\u00e4hrend der Entnahmedauer 2% betr\u00e4gt, m\u00fcssen bei Sparbeginn mit 25 schon 276,60 \u20ac, bei Beginn mit 35 bereits 466,02 \u20ac und bei Beginn mit 45 gar 869,45\u20ac anf\u00e4nglich monatlich gespart werden.<\/p>\n\n\n\n<p class=\"has-vivid-red-color has-text-color has-medium-font-size\">Verm\u00f6gen = Zeit x Geld x Rendite<\/p>\n\n\n\n<p class=\"has-vivid-red-color has-text-color\"><a href=\"http:\/\/www.vorsorgekonzeptionen.de\/pages\/alter.php\" target=\"_blank\" rel=\"noopener\">weitere&nbsp;Informationen<\/a><\/p>\n","protected":false},"excerpt":{"rendered":"<p>&#8220;Jeder Tag, jeder Monat, jedes Jahr, wo eine Entscheidung&nbsp;f\u00fcr private Eigenvorsorge &#8230; &nbsp;hinausgeschoben wird, ist verlorenes Geld&#8230;.&#8221; Warum ist das so? Angenommen, ein 25j\u00e4hriger m\u00f6chte ab Rentenbeginn mit 67 Jahren ein Zusatzeinkommen von 1.000,- \u20ac bei 2% j\u00e4hrlicher Erh\u00f6hung zur Verf\u00fcgung haben. Bei einer angenommenen Rendite in der Ansparzeit von 6% und einer Steigerung der &hellip; <\/p>\n<p class=\"link-more\"><a href=\"https:\/\/improva.de\/index.php\/ueber-mich\/alter\/\" class=\"more-link\"><span class=\"screen-reader-text\">\u201eAlter\u201c <\/span>weiterlesen<\/a><\/p>\n","protected":false},"author":1,"featured_media":0,"parent":9,"menu_order":0,"comment_status":"closed","ping_status":"closed","template":"","meta":{"_glsr_average":0,"_glsr_ranking":0,"_glsr_reviews":0,"_vp_format_video_url":"","_vp_image_focal_point":[],"footnotes":""},"class_list":["post-179","page","type-page","status-publish","hentry"],"_links":{"self":[{"href":"https:\/\/improva.de\/index.php\/wp-json\/wp\/v2\/pages\/179","targetHints":{"allow":["GET"]}}],"collection":[{"href":"https:\/\/improva.de\/index.php\/wp-json\/wp\/v2\/pages"}],"about":[{"href":"https:\/\/improva.de\/index.php\/wp-json\/wp\/v2\/types\/page"}],"author":[{"embeddable":true,"href":"https:\/\/improva.de\/index.php\/wp-json\/wp\/v2\/users\/1"}],"replies":[{"embeddable":true,"href":"https:\/\/improva.de\/index.php\/wp-json\/wp\/v2\/comments?post=179"}],"version-history":[{"count":7,"href":"https:\/\/improva.de\/index.php\/wp-json\/wp\/v2\/pages\/179\/revisions"}],"predecessor-version":[{"id":1144,"href":"https:\/\/improva.de\/index.php\/wp-json\/wp\/v2\/pages\/179\/revisions\/1144"}],"up":[{"embeddable":true,"href":"https:\/\/improva.de\/index.php\/wp-json\/wp\/v2\/pages\/9"}],"wp:attachment":[{"href":"https:\/\/improva.de\/index.php\/wp-json\/wp\/v2\/media?parent=179"}],"curies":[{"name":"wp","href":"https:\/\/api.w.org\/{rel}","templated":true}]}}