{"id":388,"date":"2019-03-11T12:13:27","date_gmt":"2019-03-11T12:13:27","guid":{"rendered":"https:\/\/improva.de\/?page_id=388"},"modified":"2019-03-11T13:03:51","modified_gmt":"2019-03-11T13:03:51","slug":"portfolio-protect-gewerbe","status":"publish","type":"page","link":"https:\/\/improva.de\/index.php\/versicherungen\/firmenversicherungen\/portfolio-protect-gewerbe\/","title":{"rendered":"Portfolio Protect Gewerbe"},"content":{"rendered":"\n<p class=\"has-text-color has-luminous-vivid-orange-color\">10% Beitragsvorteil gegen\u00fcber bestehenden Firmenversicherungsvertr\u00e4gen<\/p>\n\n\n\n<p class=\"has-text-color has-vivid-cyan-blue-color\">Mit diesem Konzept k\u00f6nnen wir f\u00fcr Sie im gewerblichen Bereich <strong>10 Prozent Ersparnis <\/strong> erzielen! Durch das einzigartige Leistungsversprechen garantieren wir, dass mindestens die Leistungen aus dem Vorvertrag mitversichert sind.<\/p>\n\n\n\n<p>Besserstellungen aus dem Tarifwerk von Portfolio Protect Gewerbe gelten zus\u00e4tzlich und das bei einer um 10 Prozent reduzierten Pr\u00e4mie zum Vorvertrag. Voraussetzung ist eine Schadenquote von unter 50 Prozent in den letzten 3 abgelaufenen Versicherungsjahren plus dem laufenden Jahr.<\/p>\n\n\n\n<h2 class=\"wp-block-heading\">Versicherungsparten<\/h2>\n\n\n\n<ul class=\"wp-block-list\"><li>Betriebshaftpflicht<\/li><li>Inhalt<\/li><li>Geb\u00e4ude<\/li><li>Umsatz- &amp; B\u00fcndelpolicen<\/li><li>Maschinenbruchversicherung<\/li><li>Elektronikversicherung<\/li><\/ul>\n\n\n\n<h2 class=\"wp-block-heading\">Die Vorteile<\/h2>\n\n\n\n<ul class=\"wp-block-list\"><li>sofortiger Mehrwert mit geringem Aufwand<\/li><li>Premiumversicherer ist Risikotr\u00e4ger<\/li><li>einfache Antragstellung<\/li><li>Besserstellungsgarantie ohne zeitliche Befristung<\/li><li>minus 10 Prozent zum Vorvertrag<\/li><li>exklusives Leistungsversprechen<\/li><\/ul>\n\n\n\n<h3 class=\"wp-block-heading\">Beitragsvorteil von 10 PROZENT<\/h3>\n\n\n\n<p>Sofern der Vorvertrag f\u00fcr die letzten 3 abgelaufenen Versicherungsjahre plus dem laufenden Jahr eine Schadenquote von unter 50 Prozent aufweist, wird ein Beitragsvorteil von 10 Prozent auf die Versicherungspr\u00e4mie des Vorvertrags gew\u00e4hrt.<br><\/p>\n\n\n\n<h3 class=\"wp-block-heading\">Besserstellungsgarantie*<\/h3>\n\n\n\n<p>Sind im Schadenfall die Regelungen des unmittelbaren Vorvertrags vorteilhafter f\u00fcr den Versicherungsnehmer bzw. Versicherten, finden ausschlie\u00dflich die Regelungen des Vorvertrags \u2013 mit Ausnahme der dortigen Aussagen zum Bestandsschutz \u2013 Anwendung. <\/p>\n\n\n\n<p class=\"has-small-font-size\">*Es gelten Summenbegrenzungen in den Bereichen Asbestsch\u00e4den sowie Elemen-<br>tarschadendeckung. Die genauen Informationen und Ausschlussbetriebsarten entnehmen Sie den \u201eAnnahmerichtlinien und Hinweisen PortfolioProtect f\u00fcr Gewerbe\u201c.<br><\/p>\n\n\n\n<h3 class=\"wp-block-heading\">Unterversicherungsverzicht<\/h3>\n\n\n\n<p>Portfolio Protect Gewerbe verzichtet abweichend von den laut Vertrag zugrunde liegenden Versicherungsbedingungen und der pauschalen Deckungserweiterung auf die Anrechnung einer Unterversicherung bis zu einer Schadenh\u00f6he von 100.000 \u20ac (Klausel gilt nur f\u00fcr Sachwerte\u2006\/\u2006Ertr\u00e4ge).<br><\/p>\n\n\n\n<h3 class=\"wp-block-heading\">Grobe Fahrl\u00e4ssigkeit<\/h3>\n\n\n\n<p>Bei grob fahrl\u00e4ssiger Herbeif\u00fchrung des Versicherungsfalls wird abweichend von den laut Vertrag zugrunde liegenden Versicherungsbedingungen und der pauschalen Deckungserweiterung auf den Einwand der groben Fahrl\u00e4ssigkeit bis zu einer Schadenh\u00f6he von 100.000 \u20ac verzichtet (Klausel gilt nur f\u00fcr Sachwerte\u2006\/\u2006Ertr\u00e4ge).<\/p>\n","protected":false},"excerpt":{"rendered":"<p>10% Beitragsvorteil gegen\u00fcber bestehenden Firmenversicherungsvertr\u00e4gen Mit diesem Konzept k\u00f6nnen wir f\u00fcr Sie im gewerblichen Bereich 10 Prozent Ersparnis erzielen! Durch das einzigartige Leistungsversprechen garantieren wir, dass mindestens die Leistungen aus dem Vorvertrag mitversichert sind. Besserstellungen aus dem Tarifwerk von Portfolio Protect Gewerbe gelten zus\u00e4tzlich und das bei einer um 10 Prozent reduzierten Pr\u00e4mie zum Vorvertrag. &hellip; <\/p>\n<p class=\"link-more\"><a href=\"https:\/\/improva.de\/index.php\/versicherungen\/firmenversicherungen\/portfolio-protect-gewerbe\/\" class=\"more-link\"><span class=\"screen-reader-text\">\u201ePortfolio Protect Gewerbe\u201c <\/span>weiterlesen<\/a><\/p>\n","protected":false},"author":1,"featured_media":0,"parent":391,"menu_order":0,"comment_status":"closed","ping_status":"closed","template":"","meta":{"_glsr_average":0,"_glsr_ranking":0,"_glsr_reviews":0,"_vp_format_video_url":"","_vp_image_focal_point":[],"footnotes":""},"class_list":["post-388","page","type-page","status-publish","hentry"],"_links":{"self":[{"href":"https:\/\/improva.de\/index.php\/wp-json\/wp\/v2\/pages\/388","targetHints":{"allow":["GET"]}}],"collection":[{"href":"https:\/\/improva.de\/index.php\/wp-json\/wp\/v2\/pages"}],"about":[{"href":"https:\/\/improva.de\/index.php\/wp-json\/wp\/v2\/types\/page"}],"author":[{"embeddable":true,"href":"https:\/\/improva.de\/index.php\/wp-json\/wp\/v2\/users\/1"}],"replies":[{"embeddable":true,"href":"https:\/\/improva.de\/index.php\/wp-json\/wp\/v2\/comments?post=388"}],"version-history":[{"count":2,"href":"https:\/\/improva.de\/index.php\/wp-json\/wp\/v2\/pages\/388\/revisions"}],"predecessor-version":[{"id":400,"href":"https:\/\/improva.de\/index.php\/wp-json\/wp\/v2\/pages\/388\/revisions\/400"}],"up":[{"embeddable":true,"href":"https:\/\/improva.de\/index.php\/wp-json\/wp\/v2\/pages\/391"}],"wp:attachment":[{"href":"https:\/\/improva.de\/index.php\/wp-json\/wp\/v2\/media?parent=388"}],"curies":[{"name":"wp","href":"https:\/\/api.w.org\/{rel}","templated":true}]}}