{"id":410,"date":"2019-03-11T16:06:30","date_gmt":"2019-03-11T16:06:30","guid":{"rendered":"https:\/\/improva.de\/?page_id=410"},"modified":"2019-03-11T16:52:45","modified_gmt":"2019-03-11T16:52:45","slug":"portfolio-protect-privat","status":"publish","type":"page","link":"https:\/\/improva.de\/index.php\/versicherungen\/private-versicherungen\/portfolio-protect-privat\/","title":{"rendered":"Portfolio Protect Privat"},"content":{"rendered":"\n<p class=\"has-text-color has-luminous-vivid-orange-color\">5% Beitragsvorteil gegen\u00fcber bestehenden Vertr\u00e4gen<\/p>\n\n\n\n<p class=\"has-text-color has-vivid-cyan-blue-color\">Mit diesem Konzept k\u00f6nnen wir f\u00fcr Sie die Beitr\u00e4ge f\u00fcr bestehende Versicherungsvertr\u00e4ge im privaten Bereich um <strong>5 Prozent reduzieren!<\/strong> Aufgrund des hohen Leistungsumfangs der zugrunde liegenden Konzepte sind Sie optimal abgesichert. <\/p>\n\n\n\n<p>Sofern der Vorvertrag f\u00fcr die letzten 5 Jahre je Sparte nicht mehr als zwei Sch\u00e4den und\u2006ein Schadenvolumen von nicht mehr als 3.000 Euro aufweist, gew\u00e4hrt dieses Konzept einen Beitragsvorteil von 5 Prozent auf die aktuelle Versicherungspr\u00e4mie des Vorvertrags.<br><\/p>\n\n\n\n<h3 class=\"wp-block-heading\">Beitragsgarantie<\/h3>\n\n\n\n<p>Sofern keine Ver\u00e4nderungen im Vertrag vorgenommen werden, garantiert dieses Konzept den Beitrag f\u00fcr mindestens 2 Jahre.<br><\/p>\n\n\n\n<h3 class=\"wp-block-heading\">Exklusive Highlights<\/h3>\n\n\n\n<p>Die extrem leistungsstarken Bedingungswerke der Tariflinien dieses Konzeptes sorgen daf\u00fcr, dass Sie optimal abgesichert ist.<\/p>\n\n\n\n<h2 class=\"wp-block-heading\">Sparten<\/h2>\n\n\n\n<h3 class=\"wp-block-heading\">Hausratversicherung<\/h3>\n\n\n\n<ul class=\"wp-block-list\"><li>grobe Fahrl\u00e4ssigkeit, Herbeif\u00fchrung des Versicherungsfalls 100 Prozent<\/li><li>\u00dcberspannungs-, \u00dcberstrom- und Kurzschlusssch\u00e4den durch Blitz, Sengsch\u00e4den, Rauch- und Ru\u00dfsch\u00e4den<\/li><li>Sch\u00e4den an Tiefk\u00fchl- und Gefriergut durch Stromausfall 100 Prozent<\/li><li>Diebstahl aus verschlossenen Kraftfahrzeugen und Wohnwagen bis 3.000 \u20ac weltweit von 6\u2006-\u200622 Uhr (einschlie\u00dflich elektronischer Ger\u00e4te)<\/li><li>Diebstahl von W\u00e4sche, Kleidung, Gartenm\u00f6beln, -ger\u00e4ten, und -skulpturen, Grillger\u00e4ten und W\u00e4schespinnen vom Versicherungsgrundst\u00fcck bis 3.000 \u20ac<\/li><li>Sturmsch\u00e4den\u2006\/\u2006Hagelsch\u00e4den an Gartenm\u00f6beln und -ger\u00e4ten sowie Kleidung auf dem Versicherungsgrundst\u00fcck bis 3.000 \u20ac<\/li><li>Kunden-, Scheck- und Kreditkartenmissbrauch bis 10.000 \u20ac<\/li><li>Diebstahl am Arbeitsplatz bis 3.000 \u20ac<\/li><\/ul>\n\n\n\n<h3 class=\"wp-block-heading\">PRIVATHAFTPFLICHT-VERSICHERUNG<\/h3>\n\n\n\n<ul class=\"wp-block-list\"><li>Deckungssumme je nach Vorvertrag 20 Mio. \u20ac oder 50 Mio. \u20ac f\u00fcr Personen-, Sach-, Verm\u00f6gens- und Mietsch\u00e4den<\/li><li>Gef\u00e4lligkeitshandlungen<\/li><li>Sch\u00e4den an geliehenen und gemieteten Sachen (ohne Sch\u00e4den an Kraft-, Luft- und Wasserfahrzeugen)<\/li><li>Neuwertentsch\u00e4digung auf Wunsch<\/li><li>Forderungsausfallschutz f\u00fcr Personen- und Sachsch\u00e4den (Europa)<\/li><li>Be- und Entladesch\u00e4den am Kfz<\/li><li>ehrenamtliche T\u00e4tigkeit, keine verantwortliche T\u00e4tigkeit (z.B. Vorstand)<\/li><li>Heiz\u00f6ltank (ober-\u2006\/\u2006unterirdisch)<\/li><li>Verlust von fremden, privaten und beruflichen Schl\u00fcsseln<\/li><li>Sachsch\u00e4den gegen\u00fcber Arbeitskollegen oder dem Arbeitgeber bei der Aus\u00fcbung der beruflichen T\u00e4tigkeit<\/li><li>Drohnen und Flugmodelle<\/li><\/ul>\n\n\n\n<h3 class=\"wp-block-heading\">Unfallversicherung<\/h3>\n\n\n\n<ul class=\"wp-block-list\"><li>verbesserte Gliedertaxe<\/li><li>Tauchunf\u00e4lle inkl. Druckkammerbehandlungskosten<\/li><li>Rettung von Menschen und Sachen<\/li><li>Infektionen (z.B. auch durch Insektenstiche)<\/li><li>Sofortleistungen bei schweren Verletzungen<\/li><li>Erh\u00f6hung des Mitwirkungsanteils auf 40 Prozent<\/li><li>unfallunabh\u00e4ngiger Oberschenkelhalsbruch (ab dem 50. Lebensjahr)<\/li><li>bestimmte Krebserkrankungen<\/li><li>Herzinfarkt\u2006\/\u2006Schlaganfall, erh\u00f6hte Kraftanstrengung, Bewusstseinsst\u00f6rungen<\/li><\/ul>\n\n\n\n<h3 class=\"wp-block-heading\">Tierhalterhaftpflicht-Versicherung<\/h3>\n\n\n\n<ul class=\"wp-block-list\"><li>Deckungssumme 15 Mio. \u20ac pauschal<\/li><li>Sch\u00e4den aus ungewolltem Deckakt<\/li><li>Forderungsausfalldeckung ab 2.500 \u20ac<\/li><li>\u00dcbernahme von Flursch\u00e4den<\/li><li>Mietsachsch\u00e4den an gemieteten R\u00e4umen bis 15 Mio. \u20ac<\/li><li>Tierbergung bis 1\u2006\u2030 der Deckungssumme (100 \u20ac SB)<\/li><li>Teilnahme an privaten Rennen, Trainings und Turnieren<\/li><\/ul>\n","protected":false},"excerpt":{"rendered":"<p>5% Beitragsvorteil gegen\u00fcber bestehenden Vertr\u00e4gen Mit diesem Konzept k\u00f6nnen wir f\u00fcr Sie die Beitr\u00e4ge f\u00fcr bestehende Versicherungsvertr\u00e4ge im privaten Bereich um 5 Prozent reduzieren! Aufgrund des hohen Leistungsumfangs der zugrunde liegenden Konzepte sind Sie optimal abgesichert. Sofern der Vorvertrag f\u00fcr die letzten 5 Jahre je Sparte nicht mehr als zwei Sch\u00e4den und\u2006ein Schadenvolumen von nicht &hellip; <\/p>\n<p class=\"link-more\"><a href=\"https:\/\/improva.de\/index.php\/versicherungen\/private-versicherungen\/portfolio-protect-privat\/\" class=\"more-link\"><span class=\"screen-reader-text\">\u201ePortfolio Protect Privat\u201c <\/span>weiterlesen<\/a><\/p>\n","protected":false},"author":1,"featured_media":0,"parent":405,"menu_order":0,"comment_status":"closed","ping_status":"closed","template":"","meta":{"_glsr_average":0,"_glsr_ranking":0,"_glsr_reviews":0,"_vp_format_video_url":"","_vp_image_focal_point":[],"footnotes":""},"class_list":["post-410","page","type-page","status-publish","hentry"],"_links":{"self":[{"href":"https:\/\/improva.de\/index.php\/wp-json\/wp\/v2\/pages\/410","targetHints":{"allow":["GET"]}}],"collection":[{"href":"https:\/\/improva.de\/index.php\/wp-json\/wp\/v2\/pages"}],"about":[{"href":"https:\/\/improva.de\/index.php\/wp-json\/wp\/v2\/types\/page"}],"author":[{"embeddable":true,"href":"https:\/\/improva.de\/index.php\/wp-json\/wp\/v2\/users\/1"}],"replies":[{"embeddable":true,"href":"https:\/\/improva.de\/index.php\/wp-json\/wp\/v2\/comments?post=410"}],"version-history":[{"count":1,"href":"https:\/\/improva.de\/index.php\/wp-json\/wp\/v2\/pages\/410\/revisions"}],"predecessor-version":[{"id":412,"href":"https:\/\/improva.de\/index.php\/wp-json\/wp\/v2\/pages\/410\/revisions\/412"}],"up":[{"embeddable":true,"href":"https:\/\/improva.de\/index.php\/wp-json\/wp\/v2\/pages\/405"}],"wp:attachment":[{"href":"https:\/\/improva.de\/index.php\/wp-json\/wp\/v2\/media?parent=410"}],"curies":[{"name":"wp","href":"https:\/\/api.w.org\/{rel}","templated":true}]}}