{"id":64,"date":"2018-09-10T14:59:59","date_gmt":"2018-09-10T14:59:59","guid":{"rendered":"https:\/\/improva.de\/?page_id=64"},"modified":"2022-02-03T12:36:40","modified_gmt":"2022-02-03T12:36:40","slug":"erstinformationen","status":"publish","type":"page","link":"https:\/\/improva.de\/index.php\/improva-gmbh\/erstinformationen\/","title":{"rendered":"Erstinformationen"},"content":{"rendered":"<p>Nachweis zu den Informationspflichten gem\u00e4\u00df Versicherungsvermittlerverordnung<\/p>\n<p><strong>Anschrift<\/strong><\/p>\n<p>Improva GmbH<br \/>\nGesch\u00e4ftsf\u00fchrer: Thomas J\u00e4nsch<br \/>\nHauptstra\u00dfe 41<br \/>\n09244 Lichtenau<br \/>\nTelefon: 037208 88440<br \/>\nTelefax: 037208 8844 23<br \/>\nE-Mail: post@improva.de<br \/>\nHomepage: www.improva.de<\/p>\n<p><strong>Status des Vermittlers nach Gewerbeordnung<\/strong><\/p>\n<p>Status: Versicherungsmakler mit Erlaubnispflicht nach \u00a734 d Abs. 1 GewO<\/p>\n<p>Register-Nr.: D-R58H-O0FL9-17<\/p>\n<p>Zust\u00e4ndige Kammer:<\/p>\n<p>Industrie-und Handelskammer S\u00fcdwestsachsen Chemnitz-Plauen-Zwickau &#8211; Chemnitz<br \/>\nStra\u00dfe der Nationen 25<br \/>\n09111 Chemnitz<br \/>\nTelefon: 0371\/6900-0<br \/>\nFax: 0371\/643018<br \/>\nE-Mail: chemnitz@chemnitz.ihk.de<br \/>\nHomepage: www.chemnitz.ihk24.de<\/p>\n<p><strong>Beratung<\/strong><\/p>\n<p>Die T\u00e4tigkeit beinhaltet auch Beratung.<\/p>\n<p><strong>Verg\u00fctung im Bereich Versicherungsvermittlung<\/strong><\/p>\n<p><em>Art und Quelle der Verg\u00fctung<\/em><\/p>\n<p>Die Verg\u00fctung der T\u00e4tigkeit erfolgt als:<\/p>\n<ul>\n<li>konkret vereinbarte Zahlung durch den Kunden oder als<\/li>\n<li>in der Versicherungspr\u00e4mie enthaltene Provision, die vom jeweiligen Versicherungsunternehmen ausgezahlt wird oder als<\/li>\n<li>Kombination aus beidem.<\/li>\n<\/ul>\n<p>Dies ist letztlich abh\u00e4ngig von den W\u00fcnschen und Bed\u00fcrfnissen des Kunden und den Versicherungsprodukten, welche ggf. vermittelt werden.<\/p>\n<p><strong>Beteiligung an Versicherungsunternehmen<\/strong><\/p>\n<p>Offenlegung:<br \/>\nIch\/Wir besitze\/n keine direkten oder indirekten Beteiligungen von \u00fcber 10% an den Stimmrechten oder am Kapital eines Versicherungsunternehmens.<br \/>\nKein Versicherungsunternehmen oder das Mutterunternehmen eines Versicherungsunternehmens besitzt eine direkte oder indirekte Beteiligung von \u00fcber 10% an den Stimmrechten oder am Kapital meines Unternehmens.<\/p>\n<p><strong>Vermittlerregister<\/strong><\/p>\n<p>Registernummer D-R58H-O0FL9-17<\/p>\n<p>Deutscher Industrie- und Handelskammertag (DIHK) e.V.<br \/>\nBreite Stra\u00dfe 29, 10178 Berlin<br \/>\nTelefon: 0180 6 00 58 50<br \/>\n(Festnetzpreis 0,20 \u20ac\/ Anruf)<br \/>\nwww.vermittlerregister.info<\/p>\n<p><strong>Anschriften der Schlichtungsstellen<\/strong><\/p>\n<p>Ombudsmann f\u00fcr Versicherungen<br \/>\nLeipziger Stra\u00dfe 121<br \/>\n10117 Berlin<br \/>\nHomepage: http:\/\/www.versicherungsombudsmann.de<\/p>\n<p>Ombudsmann der privaten Bausparkassen<br \/>\nPostfach 303079<br \/>\n10730 Berlin<br \/>\nHomepage: http:\/\/www.bausparkassen.de<\/p>\n<p>Ombudsmann Private Kranken- und Pflegeversicherung<br \/>\nKronenstra\u00dfe 13<br \/>\n10117 Berlin<br \/>\nHomepage: http:\/\/www.pkv-ombudsmann.de<\/p>\n<p><strong>Berufsrechtliche Regelungen<\/strong><\/p>\n<p>\u00a7 34 d Gewerbeordnung<br \/>\n\u00a7\u00a7 59-68 VVG<br \/>\nVersVermV<br \/>\nDie berufsrechtlichen Regelungen k\u00f6nnen \u00fcber die vom Bundesministerium der Justiz und von der juris GmbH betriebenen Homepage www.gesetzte-im-internet.de eingesehen und abgerufen werden.<\/p>\n<p><strong>Plattform der EU-Kommission zur Online-Streitbeilegung<\/strong><\/p>\n<p>www.ec.europa.eu\/consumers\/odr<\/p>\n","protected":false},"excerpt":{"rendered":"<p>Nachweis zu den Informationspflichten gem\u00e4\u00df Versicherungsvermittlerverordnung Anschrift Improva GmbH Gesch\u00e4ftsf\u00fchrer: Thomas J\u00e4nsch Hauptstra\u00dfe 41 09244 Lichtenau Telefon: 037208 88440 Telefax: 037208 8844 23 E-Mail: post@improva.de Homepage: www.improva.de Status des Vermittlers nach Gewerbeordnung Status: Versicherungsmakler mit Erlaubnispflicht nach \u00a734 d Abs. 1 GewO Register-Nr.: D-R58H-O0FL9-17 Zust\u00e4ndige Kammer: Industrie-und Handelskammer S\u00fcdwestsachsen Chemnitz-Plauen-Zwickau &#8211; Chemnitz Stra\u00dfe der Nationen &hellip; <\/p>\n<p class=\"link-more\"><a href=\"https:\/\/improva.de\/index.php\/improva-gmbh\/erstinformationen\/\" class=\"more-link\"><span class=\"screen-reader-text\">\u201eErstinformationen\u201c <\/span>weiterlesen<\/a><\/p>\n","protected":false},"author":1,"featured_media":0,"parent":56,"menu_order":0,"comment_status":"closed","ping_status":"closed","template":"","meta":{"_glsr_average":0,"_glsr_ranking":0,"_glsr_reviews":0,"_vp_format_video_url":"","_vp_image_focal_point":[],"footnotes":""},"class_list":["post-64","page","type-page","status-publish","hentry"],"_links":{"self":[{"href":"https:\/\/improva.de\/index.php\/wp-json\/wp\/v2\/pages\/64","targetHints":{"allow":["GET"]}}],"collection":[{"href":"https:\/\/improva.de\/index.php\/wp-json\/wp\/v2\/pages"}],"about":[{"href":"https:\/\/improva.de\/index.php\/wp-json\/wp\/v2\/types\/page"}],"author":[{"embeddable":true,"href":"https:\/\/improva.de\/index.php\/wp-json\/wp\/v2\/users\/1"}],"replies":[{"embeddable":true,"href":"https:\/\/improva.de\/index.php\/wp-json\/wp\/v2\/comments?post=64"}],"version-history":[{"count":4,"href":"https:\/\/improva.de\/index.php\/wp-json\/wp\/v2\/pages\/64\/revisions"}],"predecessor-version":[{"id":1060,"href":"https:\/\/improva.de\/index.php\/wp-json\/wp\/v2\/pages\/64\/revisions\/1060"}],"up":[{"embeddable":true,"href":"https:\/\/improva.de\/index.php\/wp-json\/wp\/v2\/pages\/56"}],"wp:attachment":[{"href":"https:\/\/improva.de\/index.php\/wp-json\/wp\/v2\/media?parent=64"}],"curies":[{"name":"wp","href":"https:\/\/api.w.org\/{rel}","templated":true}]}}