{"id":8,"date":"2018-09-07T10:25:18","date_gmt":"2018-09-07T10:25:18","guid":{"rendered":"https:\/\/improva.de\/?page_id=8"},"modified":"2018-09-10T15:10:26","modified_gmt":"2018-09-10T15:10:26","slug":"startseite","status":"publish","type":"page","link":"https:\/\/improva.de\/","title":{"rendered":"Startseite"},"content":{"rendered":"<h1>Herzlich Willkommen<\/h1>\n<p>auf den Internetseiten der Improva GmbH.<\/p>\n<p>Die Improva GmbH ist\u00a0als\u00a0Versicherungsmakler t\u00e4tig.<\/p>\n<p>Versicherungsvermittler gibt es viele. Versicherungsmakler sind davon die wenigsten. Warum ein Versicherungsmakler Ihre Interessen grunds\u00e4tzlich besser umsetzen kann als ein gebundener Vermittler, <a href=\"https:\/\/improva.de\/index.php\/improva-gmbh\/versicherungsmakler\/\">wird hier erl\u00e4utert<\/a>.<\/p>\n<p>Allerdings reicht der Berufsstatus kaum aus, um kundengerecht zu beraten. Neben der M\u00f6glichkeit, Ihre Interessen <strong>ungebunden von Produktgebern <\/strong>der Finanz- und Versicherungsbranche umzusetzen, ist eine sehr gute\u00a0<strong>Qualifikation<\/strong> ein weiteres wichtiges Merkmal.<\/p>\n<p>Noch besser wird das Ergebnis f\u00fcr Sie, wenn Ihr Partner langj\u00e4hrige <strong>Erfahrung<\/strong> in seiner T\u00e4tigkeit hat. Erfahrung kann man nicht kaufen, auch nicht lernen. Erfahrung kann man nur sammeln.\u00a0Das braucht Zeit.<\/p>\n<p>Wenn\u00a0Ihr Ansprechpartner\u00a0dann\u00a0noch <strong>inst\u00e4ndig\u00a0Ihre Interessen <\/strong>in den Vordergrund stellt, haben Sie schon gewonnen.<\/p>\n<p>Die Mitarbeiter der Improva GmbH haben den Anspruch, diese Kriterien zu erf\u00fcllen. Diese Seiten sollen Ihnen\u00a0daf\u00fcr einen ersten\u00a0Eindruck vermitteln. F\u00fcr einen abschlie\u00dfenden Eindruck stehen wir Ihnen gern telefonisch oder im pers\u00f6nlichen Gespr\u00e4ch bereit.<\/p>\n<p>&nbsp;<\/p>\n<p>Thomas J\u00e4nsch<\/p>\n<p>Gesch\u00e4ftsf\u00fchrer Improva GmbH<\/p>\n","protected":false},"excerpt":{"rendered":"<p>Herzlich Willkommen auf den Internetseiten der Improva GmbH. Die Improva GmbH ist\u00a0als\u00a0Versicherungsmakler t\u00e4tig. Versicherungsvermittler gibt es viele. Versicherungsmakler sind davon die wenigsten. Warum ein Versicherungsmakler Ihre Interessen grunds\u00e4tzlich besser umsetzen kann als ein gebundener Vermittler, wird hier erl\u00e4utert. Allerdings reicht der Berufsstatus kaum aus, um kundengerecht zu beraten. Neben der M\u00f6glichkeit, Ihre Interessen ungebunden von &hellip; <\/p>\n<p class=\"link-more\"><a href=\"https:\/\/improva.de\/\" class=\"more-link\"><span class=\"screen-reader-text\">\u201eStartseite\u201c <\/span>weiterlesen<\/a><\/p>\n","protected":false},"author":1,"featured_media":35,"parent":0,"menu_order":0,"comment_status":"closed","ping_status":"closed","template":"","meta":{"_glsr_average":0,"_glsr_ranking":0,"_glsr_reviews":0,"_vp_format_video_url":"","_vp_image_focal_point":[],"footnotes":""},"class_list":["post-8","page","type-page","status-publish","has-post-thumbnail","hentry"],"_links":{"self":[{"href":"https:\/\/improva.de\/index.php\/wp-json\/wp\/v2\/pages\/8","targetHints":{"allow":["GET"]}}],"collection":[{"href":"https:\/\/improva.de\/index.php\/wp-json\/wp\/v2\/pages"}],"about":[{"href":"https:\/\/improva.de\/index.php\/wp-json\/wp\/v2\/types\/page"}],"author":[{"embeddable":true,"href":"https:\/\/improva.de\/index.php\/wp-json\/wp\/v2\/users\/1"}],"replies":[{"embeddable":true,"href":"https:\/\/improva.de\/index.php\/wp-json\/wp\/v2\/comments?post=8"}],"version-history":[{"count":3,"href":"https:\/\/improva.de\/index.php\/wp-json\/wp\/v2\/pages\/8\/revisions"}],"predecessor-version":[{"id":72,"href":"https:\/\/improva.de\/index.php\/wp-json\/wp\/v2\/pages\/8\/revisions\/72"}],"wp:featuredmedia":[{"embeddable":true,"href":"https:\/\/improva.de\/index.php\/wp-json\/wp\/v2\/media\/35"}],"wp:attachment":[{"href":"https:\/\/improva.de\/index.php\/wp-json\/wp\/v2\/media?parent=8"}],"curies":[{"name":"wp","href":"https:\/\/api.w.org\/{rel}","templated":true}]}}