{"id":929,"date":"2021-04-08T11:56:49","date_gmt":"2021-04-08T11:56:49","guid":{"rendered":"https:\/\/improva.de\/?page_id=929"},"modified":"2021-04-08T11:58:10","modified_gmt":"2021-04-08T11:58:10","slug":"nachhaltigkeit","status":"publish","type":"page","link":"https:\/\/improva.de\/index.php\/improva-gmbh\/nachhaltigkeit\/","title":{"rendered":"Nachhaltigkeit"},"content":{"rendered":"\n<p>Momentan ber\u00fccksichtigen wir in der Beratung und Vermittlung ohne ausdr\u00fccklichen Kundenwunsch keine Nachhaltigkeitsfaktoren, da aus unserer Sicht keine definierten, nachpr\u00fcfbaren Nachweise f\u00fcr die Einhaltung von nachhaltigen Kriterien bei Produkten existieren bzw. nach wie vor die technischen Regulierungsstandards der EU, die derartige Kriterien schaffen sollen, fehlen. Wir beobachten jedoch die Entwicklung hinsichtlich des Themas und werden ggf. sodann entsprechende Strategien entwickeln.<\/p>\n\n\n\n<p>Im Rahmen unserer Verg\u00fctungspolitik werden momentan keine Nachhaltigkeitsrisiken ber\u00fccksichtigt.<\/p>\n","protected":false},"excerpt":{"rendered":"<p>Momentan ber\u00fccksichtigen wir in der Beratung und Vermittlung ohne ausdr\u00fccklichen Kundenwunsch keine Nachhaltigkeitsfaktoren, da aus unserer Sicht keine definierten, nachpr\u00fcfbaren Nachweise f\u00fcr die Einhaltung von nachhaltigen Kriterien bei Produkten existieren bzw. nach wie vor die technischen Regulierungsstandards der EU, die derartige Kriterien schaffen sollen, fehlen. Wir beobachten jedoch die Entwicklung hinsichtlich des Themas und werden &hellip; <\/p>\n<p class=\"link-more\"><a href=\"https:\/\/improva.de\/index.php\/improva-gmbh\/nachhaltigkeit\/\" class=\"more-link\"><span class=\"screen-reader-text\">\u201eNachhaltigkeit\u201c <\/span>weiterlesen<\/a><\/p>\n","protected":false},"author":1,"featured_media":0,"parent":56,"menu_order":0,"comment_status":"closed","ping_status":"closed","template":"","meta":{"_glsr_average":0,"_glsr_ranking":0,"_glsr_reviews":0,"_vp_format_video_url":"","_vp_image_focal_point":[],"footnotes":""},"class_list":["post-929","page","type-page","status-publish","hentry"],"_links":{"self":[{"href":"https:\/\/improva.de\/index.php\/wp-json\/wp\/v2\/pages\/929","targetHints":{"allow":["GET"]}}],"collection":[{"href":"https:\/\/improva.de\/index.php\/wp-json\/wp\/v2\/pages"}],"about":[{"href":"https:\/\/improva.de\/index.php\/wp-json\/wp\/v2\/types\/page"}],"author":[{"embeddable":true,"href":"https:\/\/improva.de\/index.php\/wp-json\/wp\/v2\/users\/1"}],"replies":[{"embeddable":true,"href":"https:\/\/improva.de\/index.php\/wp-json\/wp\/v2\/comments?post=929"}],"version-history":[{"count":1,"href":"https:\/\/improva.de\/index.php\/wp-json\/wp\/v2\/pages\/929\/revisions"}],"predecessor-version":[{"id":931,"href":"https:\/\/improva.de\/index.php\/wp-json\/wp\/v2\/pages\/929\/revisions\/931"}],"up":[{"embeddable":true,"href":"https:\/\/improva.de\/index.php\/wp-json\/wp\/v2\/pages\/56"}],"wp:attachment":[{"href":"https:\/\/improva.de\/index.php\/wp-json\/wp\/v2\/media?parent=929"}],"curies":[{"name":"wp","href":"https:\/\/api.w.org\/{rel}","templated":true}]}}